{"id":12,"date":"2024-09-12T15:51:46","date_gmt":"2024-09-12T13:51:46","guid":{"rendered":"https:\/\/mustpalma.com\/politica-de-cookies-ue\/"},"modified":"2025-01-30T19:42:36","modified_gmt":"2025-01-30T18:42:36","slug":"politica-de-cookies-ue","status":"publish","type":"page","link":"https:\/\/mustpalma.com\/ca\/politica-de-cookies-ue\/","title":{"rendered":"Pol\u00edtica de cookies (UE)"},"content":{"rendered":"<p>POL\u00cdTICA DE COOKIES<\/p>\r\n<p>L&#039;entitat CATALINA CALAFAT VILLALONGA, amb NIF\/CIF: 41585379E, domicili a Carrer de Joan Mas n\u00ba4, 07010,<br \/>PALMA, BALEARS , adre\u00e7a de correu electr\u00f2nic: contacto@mustpalma.com i web: www.mustpalma.com informa<br \/>a l&#039;usuari de manera expressa que, de conformitat amb l&#039;art. 22.2 de la Llei 34\/2002, d&#039;11 de juliol, de serveis de<br \/>la societat de la informaci\u00f3 i de comer\u00e7 electr\u00f2nic (LSSI), aquest web utilitza cookies amb l&#039;objectiu de prestar un<br \/>millor servei i proporcionar una millor experi\u00e8ncia de navegaci\u00f3.<br \/>A la present Pol\u00edtica de Cookies trobareu la descripci\u00f3 i finalitat de cadascuna de les cookies utilitzades, aix\u00ed com<br \/>nom, servidor d&#039;enviament, caducitat i informaci\u00f3 de com verificar si hi ha transfer\u00e8ncia internacional de<br \/>dades.<br \/>Volem informar-vos de manera clara i precisa sobre les cookies que utilitzem, detallant a continuaci\u00f3: qu\u00e8 \u00e9s una<br \/>galeta, per a qu\u00e8 serveix, quins tipus de cookies utilitzem, quina \u00e9s la seva finalitat i com les pot configurar o deshabilitar<br \/>si aix\u00ed ho desitja.<br \/>Qu\u00e8 \u00e9s una &#039;cookie&#039;?<br \/>Una &#039;cookie&#039; \u00e9s un fitxer que es descarrega als llocs web i que determinades p\u00e0gines web envien al navegador, i<br \/>que s&#039;emmagatzemen al terminal de l&#039;usuari, el qual pot ser un ordinador personal, un tel\u00e8fon m\u00f2bil, una tauleta,<br \/>etc. Aquests fitxers permeten que el lloc web recordi informaci\u00f3 sobre la vostra visita, com l&#039;idioma i les opcions<br \/>preferides, la qual cosa us permet recuperar informaci\u00f3 sobre la navegaci\u00f3 que s&#039;efectua des del vostre equip. D&#039;aquesta<br \/>manera es pret\u00e9n facilitar la propera visita i fer que el lloc, en personalitzar el seu contingut, resulti m\u00e9s \u00fatil.<br \/>Com es fan servir les &#039;cookies&#039;?<br \/>En navegar per aquesta p\u00e0gina web, l&#039;usuari est\u00e0 acceptant que es puguin instal\u00b7lar &#039;cookies&#039; al seu terminal, les quals<br \/>ens permeten con\u00e8ixer la seg\u00fcent informaci\u00f3:<br \/>Recon\u00e8ixer-lo com a usuari.<br \/>Obtenir informaci\u00f3 sobre els teus h\u00e0bits de navegaci\u00f3.<br \/>Personalitzar la manera com es mostra el contingut.<br \/>Informaci\u00f3 estad\u00edstica de l\u00fas de la web.<br \/>\u2013 El login de l&#039;usuari per mantenir la sessi\u00f3 activa a la web.<br \/>\u2013 El format del web preferent a l&#039;acc\u00e9s des de dispositius m\u00f2bils.<br \/>\u2013 Les darreres cerques realitzades als serveis de la web i dades de personalitzaci\u00f3 d&#039;aquests serveis.<br \/>\u2013 Informaci\u00f3 sobre els anuncis que es mostren a l&#039;usuari.<br \/>\u2013 Informaci\u00f3 de les enquestes en qu\u00e8 ha participat l&#039;usuari.<br \/>\u2013 Dades de la connexi\u00f3 amb les xarxes socials per als usuaris que accedeixen amb el vostre usuari de Facebook o<br \/>Twitter.<\/p>\r\n<p>A continuaci\u00f3, podr\u00e0 trobar una classificaci\u00f3 de les cookies que existeixen i poden arribar a ser utilitzades a la nostra<br \/>web, tenint en compte que una mateixa galeta pot estar inclosa a m\u00e9s d&#039;una categoria.<br \/>Tipus de Cookies:<br \/>A.-Tipus de cookies segons el termini de temps que romanen activades.<br \/>activades a l&#039;equip terminal, aquesta web pot utilitzar tant &#039;cookies&#039; temporals de sessi\u00f3 com a &#039;cookies&#039;<br \/>permanents.<br \/>1.- &#039;Cookies&#039; de sessi\u00f3: les &#039;cookies&#039; de sessi\u00f3 emmagatzemen dades \u00fanicament mentre lusuari accedeix a la web. Es<br \/>solen emprar per emmagatzemar informaci\u00f3 que nom\u00e9s interessa conservar per a la prestaci\u00f3 del servei sol\u00b7licitat pel<br \/>usuari en una sola ocasi\u00f3 i desapareixen en acabar la sessi\u00f3.<br \/>2.- &#039;Cookies&#039; persistents\/permanents: les &#039;cookies&#039; persistents\/permanents emmagatzemen les dades al terminal per<br \/>que siguin accedits i utilitzats en m\u00e9s duna sessi\u00f3. Les dades que segueixen emmagatzemades al terminal poden ser<br \/>accedits i tractats durant un per\u00edode definit pel responsable de la galeta, i que pot anar d&#039;uns minuts a<br \/>diversos anys.<br \/>B.-Tipus de cookies segons la finalitat. Segons la finalitat per a la qual es tractin les dades obtingudes a trav\u00e9s de les<br \/>&#039;cookies&#039;, la web pot utilitzar:<br \/>1.&#039;Cookies&#039; estrictament necess\u00e0ries: les cookies estrictament necess\u00e0ries s\u00f3n absolutament essencials perqu\u00e8 el<br \/>lloc web funcioni correctament. Aquesta categoria nom\u00e9s inclou cookies que garanteixen funcionalitats b\u00e0siques i<br \/>caracter\u00edstiques de seguretat del lloc web. Aquestes galetes no emmagatzemen cap informaci\u00f3 personal.<br \/>2.-&#039;Cookies&#039; s\u00f3n aquelles que permeten a l&#039;usuari la navegaci\u00f3 mitjan\u00e7ant una p\u00e0gina web, plataforma o<br \/>aplicaci\u00f3, i la utilitzaci\u00f3 de les diferents opcions o serveis que hi hagi com, per exemple, controlar el<br \/>tr\u00e0nsit i la comunicaci\u00f3 de dades, identificar la sessi\u00f3, accedir a parts dacc\u00e9s restringit, recordar els elements<br \/>que integren una comanda, fer el proc\u00e9s de compra d&#039;una comanda, fer la sol\u00b7licitud d&#039;inscripci\u00f3 o participaci\u00f3<br \/>en un esdeveniment, utilitzar elements de seguretat durant la navegaci\u00f3, emmagatzemar continguts per a la difusi\u00f3 de v\u00eddeos o<br \/>so o compartir continguts a trav\u00e9s de xarxes socials.<br \/>3.-&#039;Cookies&#039; de prefer\u00e8ncies o personalitzaci\u00f3: s\u00f3n aquelles que permeten recordar informaci\u00f3 perqu\u00e8 l&#039;usuari<br \/>accediu al servei amb determinades caracter\u00edstiques que poden diferenciar la vostra experi\u00e8ncia de la d&#039;altres usuaris,<br \/>com, per exemple, l&#039;idioma, el nombre de resultats a mostrar quan l&#039;usuari fa una cerca, l&#039;aspecte o<br \/>contingut del servei en funci\u00f3 del tipus de navegador a trav\u00e9s del qual l&#039;usuari accedeix al servei oa la regi\u00f3<br \/>des de la qual accedeix al servei, etc.<br \/>4.-&#039;Cookies&#039; anal\u00edtiques: s\u00f3n aquelles que, tractades per nosaltres o per tercers, ens permeten quantificar el n\u00famero de<br \/>usuaris, i aix\u00ed realitzar el mesurament i l&#039;an\u00e0lisi estad\u00edstica de la utilitzaci\u00f3 que fan els usuaris del servei ofert.<br \/>Per aix\u00f2 s&#039;analitza la seva navegaci\u00f3 a la nostra p\u00e0gina web per millorar l&#039;oferta de productes o serveis<br \/>disponibles.<br \/>5. &#039;Cookies&#039; de publicitat comportamental: s\u00f3n aquelles que permeten la gesti\u00f3, de la manera m\u00e9s efica\u00e7 possible, dels<br \/>espais publicitaris que, si escau, l&#039;editor hagi incl\u00f2s en una p\u00e0gina web, aplicaci\u00f3 o plataforma des de la qual<br \/>presta el servei sol\u00b7licitat. Aquestes cookies emmagatzemen informaci\u00f3 del comportament dels usuaris obtinguda a<br \/>a trav\u00e9s de l&#039;observaci\u00f3 continuada dels seus h\u00e0bits de navegaci\u00f3, cosa que permet desenvolupar un perfil espec\u00edfic per a<br \/>mostrar publicitat en funci\u00f3 del mateix.<br \/>C.-Tipus de galetes segons l&#039;entitat que les gestioni. Segons qui sigui l&#039;entitat que gestioni l&#039;equip o el domini<br \/>des d&#039;on s&#039;envien les galetes i tracti les dades que s&#039;obtinguin, podem distingir:<br \/>1.- &#039;Cookies&#039; pr\u00f2pies: s\u00f3n les que s&#039;envien a l&#039;equip terminal de l&#039;usuari des d&#039;un equip o domini gestionat<br \/>pel mateix editor, i des del qual es presta el servei sol\u00b7licitat per lusuari.<br \/>2.- &#039;Cookies&#039; de tercers: s\u00f3n aquelles que s&#039;envien a l&#039;equip terminal de l&#039;usuari des d&#039;un equip o domini que no<br \/>\u00e9s gestionat per l&#039;editor, sin\u00f3 per una altra entitat que tracta les dades obtingudes a trav\u00e9s de les galetes. En algunes<\/p>\r\n<p>p\u00e0gines web es poden instal\u00b7lar &#039;cookies&#039; de tercers que permeten gestionar i millorar els serveis oferts. Per<br \/>exemple, serveis estad\u00edstics de Google Analytics i Comscore.<br \/>En navegar o utilitzar els nostres serveis, l&#039;usuari accepta de manera expressa l&#039;\u00fas que fem de les &#039;cookies&#039;. Sense<br \/>tanmateix, l&#039;usuari t\u00e9 l&#039;opci\u00f3 d&#039;impedir la generaci\u00f3 de &#039;cookies&#039; i l&#039;eliminaci\u00f3 de les mateixes mitjan\u00e7ant la<br \/>selecci\u00f3 de la corresponent opci\u00f3 al vostre navegador. Si bloquegeu l&#039;\u00fas de &#039;cookies&#039; al vostre navegador, \u00e9s<br \/>pot ser que alguns serveis o funcionalitats de la p\u00e0gina web no estiguin disponibles.<br \/>L&#039;Entitat utilitza en aquest lloc web les cookies seg\u00fcents per a les finalitats que s&#039;exposen a continuaci\u00f3:<\/p>\r\n<p>COOKIES PR\u00d2PIES<br \/>CookieID<br \/>(ID de la galeta i com<br \/>apareix a la mem\u00f2ria cau del<br \/>navegador)<\/p>\r\n<p>Tipus<br \/>(Pr\u00f2pia o de tercers)<\/p>\r\n<p>Expiraci\u00f3\/Durada<br \/>(Data de<br \/>caducitat\/Durada de la<br \/>galeta una vegada instal\u00b7lada)<\/p>\r\n<p>Domini<br \/>(Amb quin domini s&#039;associa<br \/>la galeta)<\/p>\r\n<p>Descripci\u00f3<br \/>(Funcionament i<br \/>finalitat de la galeta)<br \/>PHPSESSID Pr\u00f2pies Sessi\u00f3 mustpalma.com ESTRICTAMENT<br \/>NECESS\u00c0RIA.<\/p>\r\n<p>cmplz_banner-status Pr\u00f2pia Persistent.<br \/>Caducitat\/Durada: 1 any<\/p>\r\n<p>mustpalma.com ESTRICTAMENT<br \/>NECESS\u00c0RIA<\/p>\r\n<p>cmplz_consented_services Pr\u00f2pia Persistent.<br \/>Caducitat\/Durada: 1 any<\/p>\r\n<p>mustpalma.com ESTRICTAMENT<br \/>NECESS\u00c0RIA<\/p>\r\n<p>cmplz_functional Pr\u00f2pia Persistent.<br \/>Caducitat\/Durada: 1 any<\/p>\r\n<p>mustpalma.com ESTRICTAMENT<br \/>NECESS\u00c0RIA<\/p>\r\n<p>cmplz_marketing Pr\u00f2pia Persistent.<br \/>Caducitat\/Durada: 1 any<\/p>\r\n<p>mustpalma.com ESTRICTAMENT<br \/>NECESS\u00c0RIA<\/p>\r\n<p>cmplz_policy_id Pr\u00f2pia Persistent.<br \/>Caducitat\/Durada: 1 any<\/p>\r\n<p>mustpalma.com ESTRICTAMENT<br \/>NECESS\u00c0RIA<\/p>\r\n<p>cmplz_preferences Pr\u00f2pia Persistent.<br \/>Caducitat\/Durada: 1 any<\/p>\r\n<p>mustpalma.com ESTRICTAMENT<br \/>NECESS\u00c0RIA<\/p>\r\n<p>cmplz_statistics Pr\u00f2pia Persistent.<br \/>Caducitat\/Durada: 1 any<\/p>\r\n<p>mustpalma.com ESTRICTAMENT<br \/>NECESS\u00c0RIA<\/p>\r\n<p>COOKIES DE TERCERS GOOGLE<\/p>\r\n<p>CookieID<br \/>(ID de la galeta i com<br \/>apareix a la mem\u00f2ria cau del<br \/>navegador)<\/p>\r\n<p>Tipus<br \/>(Pr\u00f2pia o de tercers)<\/p>\r\n<p>Expiraci\u00f3\/Durada<br \/>(Data de<br \/>caducitat\/Durada de la<br \/>galeta una vegada instal\u00b7lada)<\/p>\r\n<p>Domini<br \/>(Amb quin domini s&#039;associa<br \/>la galeta)<\/p>\r\n<p>Descripci\u00f3<br \/>(Funcionament i<br \/>finalitat de la galeta)<\/p>\r\n<p>__Secure-3PSIDCC Tercers.<br \/>Prove\u00efdor Google<\/p>\r\n<p>Persistent<br \/>Caducitat\/Durada: 1<br \/>any.<\/p>\r\n<p>.google.com PUBLICIT\u00c0RIA<\/p>\r\n<p>__Secure-1PAPISID Tercers.<br \/>Prove\u00efdor Google<\/p>\r\n<p>Persistent<br \/>Caducitat\/Durada: 1<br \/>any.<\/p>\r\n<p>.google.com PUBLICIT\u00c0RIA<\/p>\r\n<p>__Secure-1PSID Tercers.<br \/>Prove\u00efdor Google<\/p>\r\n<p>Persistent<br \/>Caducitat\/Durada: 1<br \/>any.<\/p>\r\n<p>.google.com PUBLICIT\u00c0RIA<\/p>\r\n<p>__Secure-1PSIDCC Tercers.<br \/>Prove\u00efdor Google<\/p>\r\n<p>Persistent<br \/>Caducitat\/Durada: 1<br \/>any.<\/p>\r\n<p>.google.com PUBLICIT\u00c0RIA<\/p>\r\n<p>__Secure-1PSIDTS Tercers.<br \/>Prove\u00efdor Google<\/p>\r\n<p>Persistent<br \/>Caducitat\/Durada: 1<br \/>any.<\/p>\r\n<p>.google.com PUBLICIT\u00c0RIA<\/p>\r\n<p>__Secure-3PAPISID Tercers.<br \/>Prove\u00efdor Google<\/p>\r\n<p>Persistent<br \/>Caducitat\/Durada: 1<br \/>any.<\/p>\r\n<p>.google.com PUBLICIT\u00c0RIA<\/p>\r\n<p>__Secure-3PSID Tercers.<br \/>Prove\u00efdor Google<\/p>\r\n<p>Persistent<br \/>Caducitat\/Durada: 1<br \/>any.<\/p>\r\n<p>.google.com PUBLICIT\u00c0RIA<\/p>\r\n<p>__Secure-3PSIDTS Tercers.<br \/>Prove\u00efdor Google<\/p>\r\n<p>Persistent<br \/>Caducitat\/Durada: 1<br \/>any.<\/p>\r\n<p>.google.com PUBLICIT\u00c0RIA<\/p>\r\n<p>APISID Tercers.<br \/>Prove\u00efdor Google<\/p>\r\n<p>Persistent<br \/>Caducitat\/Durada: 1<br \/>any.<\/p>\r\n<p>.google.com ANAL\u00cdTICA<\/p>\r\n<p>HSID Tercers.<br \/>Prove\u00efdor Google<\/p>\r\n<p>Persistent<br \/>Caducitat\/Durada: 1<br \/>any.<\/p>\r\n<p>.google.com TECNICA<\/p>\r\n<p>NID Tercers.<br \/>Prove\u00efdor Google<\/p>\r\n<p>Persistent<br \/>Caducitat\/Durada: 1<br \/>any.<\/p>\r\n<p>.google.com PREFER\u00c8NCIES\/PERSONALI<br \/>ZACI\u00d3<\/p>\r\n<p>SAPISID Tercers.<br \/>Prove\u00efdor Google<\/p>\r\n<p>Persistent<br \/>Caducitat\/Durada: 1<br \/>any.<\/p>\r\n<p>.google.com ANAL\u00cdTICA<\/p>\r\n<p>SID Tercers.<br \/>Prove\u00efdor Google<\/p>\r\n<p>Persistent<br \/>Caducitat\/Durada: 1<br \/>any.<\/p>\r\n<p>.google.com ANAL\u00cdTICA<\/p>\r\n<p>SIDCC Tercers.<br \/>Prove\u00efdor Google<\/p>\r\n<p>Persistent<br \/>Caducitat\/Durada: 1 any<\/p>\r\n<p>.google.com ANAL\u00cdTICA<\/p>\r\n<p>SSID Tercers.<br \/>Prove\u00efdor Google<\/p>\r\n<p>Persistent<br \/>Caducitat\/Durada: 1<br \/>any.<\/p>\r\n<p>.google.com ANAL\u00cdTICA\/PREFER\u00c8NCIA<\/p>\r\n<p>AEC Tercers.<br \/>Prove\u00efdor Google<\/p>\r\n<p>Persistent<br \/>Caducitat\/Durada: 6<br \/>mesos<\/p>\r\n<p>.google.com T\u00c8CNICA<\/p>\r\n<p>Les galetes no contenen informaci\u00f3 que permeti per si sola identificar un usuari concret. Pel que fa a nosaltres, la<br \/>informaci\u00f3 obtinguda nom\u00e9s podr\u00e0 ser associada a un usuari concret en cas que aquest usuari estigui identificat a la<br \/>web. Si \u00e9s aix\u00ed, aquestes dades seran tractades de conformitat la pol\u00edtica de privadesa de la web, complint en tot<br \/>moment amb les exig\u00e8ncies de la normativa vigent en mat\u00e8ria de protecci\u00f3 de dades de car\u00e0cter personal.<br \/>moment els usuaris afectats podran exercitar el dret a accedir, rectificar i suprimir les dades, aix\u00ed com altres<br \/>drets com s&#039;explica a la citada pol\u00edtica de privadesa. Per a m\u00e9s informaci\u00f3 heu d&#039;accedir a la nostra Pol\u00edtica de<br \/>protecci\u00f3 de dades.<br \/>Les cookies seran utilitzades \u00fanica i exclusivament durant el temps necessari per complir les finalitats indicades<br \/>a cada galeta. En relaci\u00f3 amb les cookies de tercers, els terminis de conservaci\u00f3 podran ser consultats a les pol\u00edtiques de<br \/>privadesa i pol\u00edtiques de cookies dels tercers. Un cop caducada la galeta, podr\u00e0 ser renovada si l&#039;usuari torna a<br \/>acceptar-ne la utilitzaci\u00f3.<br \/>Podeu informar-vos de les transfer\u00e8ncies a tercers pa\u00efsos que si escau realitzen els tercers identificats en aquesta pol\u00edtica de<br \/>galetes en les seves pol\u00edtiques corresponents.<br \/>Com administrar &#039;cookies&#039; al navegador?<br \/>L&#039;usuari t\u00e9 l&#039;opci\u00f3 de permetre, bloquejar o eliminar les &#039;cookies&#039; instal\u00b7lades al vostre equip mitjan\u00e7ant la configuraci\u00f3 de<br \/>les opcions del navegador instal\u00b7lat al vostre terminal.<br \/>Com s&#039;autoritza l&#039;entitat per utilitzar les galetes d&#039;aquest lloc web?<br \/>En relaci\u00f3 amb la utilitzaci\u00f3 de cookies d&#039;aquest lloc web descrits a l&#039;apartat anterior, l&#039;usuari autoritza i consenteix-ne el<br \/>\u00fas de la manera seg\u00fcent: Quan l&#039;usuari accedeix a qualsevol p\u00e0gina de la web, veureu un av\u00eds on s&#039;indica que la<br \/>p\u00e0gina web de CATALINA CALAFAT VILLALONGA utilitza cookies, podent l&#039;usuari acceptar o rebutjar-ne l&#039;\u00fas<br \/>a trav\u00e9s de la configuraci\u00f3 del vostre navegador. Si l&#039;usuari no configura el vostre navegador perqu\u00e8 les cookies no s&#039;activin, al<br \/>navegar pel lloc web de CATALINA CALAFAT VILLALONGA i utilitzar els seus serveis, l&#039;usuari accepta l&#039;\u00fas que es fa de<br \/>les galetes.<\/p>\r\n<p>Com es retira el consentiment per a la utilitzaci\u00f3 de les galetes d&#039;aquest lloc web?<br \/>L&#039;usuari t\u00e9 l&#039;opci\u00f3 de deixar d&#039;acceptar l&#039;\u00fas de galetes en qualsevol moment a trav\u00e9s del vostre navegador, podent<br \/>permetre, bloquejar o eliminar les cookies instal\u00b7lades al vostre equip mitjan\u00e7ant la configuraci\u00f3 de les opcions del navegador<br \/>que utilitza al dispositiu (ordinador, m\u00f2bil, tablet). Podeu permetre o bloquejar les cookies, aix\u00ed com esborrar les vostres dades de<br \/>navegaci\u00f3 (incloses les galetes) des del navegador que utilitza. Heu de consultar les opcions i instruccions que ofereix la vostra<\/p>\r\n<p>navegador per fer-ho. Heu de tenir en compte que, si accepteu les galetes de tercers, les heu d&#039;eliminar des de l&#039;opci\u00f3 del<br \/>navegador.<br \/>Sense l&#039;habilitaci\u00f3 de les cookies necess\u00e0ries i t\u00e8cniques descrites en aquesta pol\u00edtica de cookies \u00e9s possible que alguns<br \/>serveis o funcionalitats de la p\u00e0gina web no estiguin disponibles.<br \/>A continuaci\u00f3, s&#039;indiquen els enlla\u00e7os on s&#039;explica com dur a terme aquest proc\u00e9s als principals navegadors de<br \/>Internet:<br \/>Chrome: https:\/\/support.google.com\/chrome\/answer\/95647?hl=es&amp;co=GENIE.Platform=Desktop<br \/>Microsoft Edge: https:\/\/support.microsoft.com\/ca-ca\/microsoft-edge\/eliminar-las-cookies-en-microsoft-edge \u2013<br \/>63947406-40ac-c3b8-57b9-2a946a29ae09<br \/>Firefox:https:\/\/support.mozilla.org\/ca\/kb\/habilitar-y-deshabilitar-cookies-llocs-web-rastrear-prefer\u00e8ncies?<br \/>redirectslug=habilitar-i-deshabilitar-cookies-que-los-llocs-we&amp;redirectlocale=ca.<br \/>Safari: https:\/\/support.apple.com\/es-es\/guide\/safari\/sfri11471\/mac.<br \/>Actualitzaci\u00f3 de la Pol\u00edtica de Cookies<br \/>L&#039;Entitat CATALINA CALAFAT VILLALONGA actualitzar\u00e0 aquesta pol\u00edtica quan sigui necessari, ja sigui perqu\u00e8 ho exigeixi una<br \/>normativa o b\u00e9 suprimiu o utilitzeu noves galetes. Qualsevol modificaci\u00f3 d&#039;aquestes condicions es publicar\u00e0 en aquest lloc<br \/>web.<br \/>A partir del moment en qu\u00e8 es posi en coneixement ia disposici\u00f3 de l&#039;usuari les noves condicions mitjan\u00e7ant la<br \/>publicaci\u00f3 davant dita, les noves pol\u00edtiques de cookies seran daplicaci\u00f3, substituint de forma autom\u00e0tica a les<br \/>anteriorment publicades.<br \/>Si teniu dubtes sobre aquesta pol\u00edtica de cookies, podeu contactar amb l&#039;entitat CATALINA CALAFAT VILLALONGA a trav\u00e9s<br \/>del seg\u00fcent correu electr\u00f2nic contacto@mustpalma.com.<\/p>","protected":false},"excerpt":{"rendered":"<p>POL\u00cdTICA DE COOKIES L&#039;entitat CATALINA CALAFAT VILLALONGA, amb NIF\/CIF: 41585379E, domicili a Carrer de Joan Mas n\u00ba4, 07010,PALMA, BALEARS , adre\u00e7a electr\u00f2nica: contacto@mustpalma.com<span class=\"excerpt-hellip\"> [\u2026]<\/span><\/p>","protected":false},"author":1,"featured_media":0,"parent":0,"menu_order":0,"comment_status":"closed","ping_status":"closed","template":"","meta":{"footnotes":""},"class_list":["post-12","page","type-page","status-publish","hentry"],"yoast_head":"<!-- This site is optimized with the Yoast SEO plugin v27.3 - https:\/\/yoast.com\/product\/yoast-seo-wordpress\/ -->\n<title>Pol\u00edtica de cookies (UE) - Mustpalma<\/title>\n<meta name=\"robots\" content=\"index, follow, max-snippet:-1, max-image-preview:large, max-video-preview:-1\" \/>\n<link rel=\"canonical\" href=\"https:\/\/mustpalma.com\/ca\/politica-de-cookies-ue\/\" \/>\n<meta property=\"og:locale\" content=\"ca_ES\" \/>\n<meta property=\"og:type\" content=\"article\" \/>\n<meta property=\"og:title\" content=\"Pol\u00edtica de cookies (UE) - Mustpalma\" \/>\n<meta property=\"og:description\" content=\"POL\u00cdTICA DE COOKIES La entidad CATALINA CALAFAT VILLALONGA, con NIF\/CIF: 41585379E, domicilio en Carrer de Joan Mas n\u00ba4, 07010,PALMA, BALEARES , direcci\u00f3n de correo electr\u00f3nico: contacto@mustpalma.com [\u2026]\" \/>\n<meta property=\"og:url\" content=\"https:\/\/mustpalma.com\/ca\/politica-de-cookies-ue\/\" \/>\n<meta property=\"og:site_name\" content=\"Mustpalma\" \/>\n<meta property=\"article:modified_time\" content=\"2025-01-30T18:42:36+00:00\" \/>\n<meta name=\"twitter:card\" content=\"summary_large_image\" \/>\n<meta name=\"twitter:label1\" content=\"Temps estimat de lectura\" \/>\n\t<meta name=\"twitter:data1\" content=\"10 minuts\" \/>\n<script type=\"application\/ld+json\" class=\"yoast-schema-graph\">{\"@context\":\"https:\\\/\\\/schema.org\",\"@graph\":[{\"@type\":\"WebPage\",\"@id\":\"https:\\\/\\\/mustpalma.com\\\/politica-de-cookies-ue\\\/\",\"url\":\"https:\\\/\\\/mustpalma.com\\\/politica-de-cookies-ue\\\/\",\"name\":\"Pol\u00edtica de cookies (UE) - Mustpalma\",\"isPartOf\":{\"@id\":\"https:\\\/\\\/mustpalma.com\\\/#website\"},\"datePublished\":\"2024-09-12T13:51:46+00:00\",\"dateModified\":\"2025-01-30T18:42:36+00:00\",\"breadcrumb\":{\"@id\":\"https:\\\/\\\/mustpalma.com\\\/politica-de-cookies-ue\\\/#breadcrumb\"},\"inLanguage\":\"ca\",\"potentialAction\":[{\"@type\":\"ReadAction\",\"target\":[\"https:\\\/\\\/mustpalma.com\\\/politica-de-cookies-ue\\\/\"]}]},{\"@type\":\"BreadcrumbList\",\"@id\":\"https:\\\/\\\/mustpalma.com\\\/politica-de-cookies-ue\\\/#breadcrumb\",\"itemListElement\":[{\"@type\":\"ListItem\",\"position\":1,\"name\":\"Portada\",\"item\":\"https:\\\/\\\/mustpalma.com\\\/\"},{\"@type\":\"ListItem\",\"position\":2,\"name\":\"Pol\u00edtica de cookies (UE)\"}]},{\"@type\":\"WebSite\",\"@id\":\"https:\\\/\\\/mustpalma.com\\\/#website\",\"url\":\"https:\\\/\\\/mustpalma.com\\\/\",\"name\":\"Psic\u00f3logos en Mallorca: Servicios de Psicolog\u00eda para Mejorar Tu Bienestar\",\"description\":\"\",\"publisher\":{\"@id\":\"https:\\\/\\\/mustpalma.com\\\/#organization\"},\"potentialAction\":[{\"@type\":\"SearchAction\",\"target\":{\"@type\":\"EntryPoint\",\"urlTemplate\":\"https:\\\/\\\/mustpalma.com\\\/?s={search_term_string}\"},\"query-input\":{\"@type\":\"PropertyValueSpecification\",\"valueRequired\":true,\"valueName\":\"search_term_string\"}}],\"inLanguage\":\"ca\"},{\"@type\":\"Organization\",\"@id\":\"https:\\\/\\\/mustpalma.com\\\/#organization\",\"name\":\"Psic\u00f3logos en Mallorca: Servicios de Psicolog\u00eda para Mejorar Tu Bienestar\",\"url\":\"https:\\\/\\\/mustpalma.com\\\/\",\"logo\":{\"@type\":\"ImageObject\",\"inLanguage\":\"ca\",\"@id\":\"https:\\\/\\\/mustpalma.com\\\/#\\\/schema\\\/logo\\\/image\\\/\",\"url\":\"https:\\\/\\\/mustpalma.com\\\/wp-content\\\/uploads\\\/2024\\\/09\\\/cropped-Version-reducida-con-tagline-circular-color.png\",\"contentUrl\":\"https:\\\/\\\/mustpalma.com\\\/wp-content\\\/uploads\\\/2024\\\/09\\\/cropped-Version-reducida-con-tagline-circular-color.png\",\"width\":512,\"height\":512,\"caption\":\"Psic\u00f3logos en Mallorca: Servicios de Psicolog\u00eda para Mejorar Tu Bienestar\"},\"image\":{\"@id\":\"https:\\\/\\\/mustpalma.com\\\/#\\\/schema\\\/logo\\\/image\\\/\"},\"sameAs\":[\"https:\\\/\\\/www.instagram.com\\\/mustpalma\\\/\"]}]}<\/script>\n<!-- \/ Yoast SEO plugin. -->","yoast_head_json":{"title":"Pol\u00edtica de cookies (UE) - Mustpalma","robots":{"index":"index","follow":"follow","max-snippet":"max-snippet:-1","max-image-preview":"max-image-preview:large","max-video-preview":"max-video-preview:-1"},"canonical":"https:\/\/mustpalma.com\/ca\/politica-de-cookies-ue\/","og_locale":"ca_ES","og_type":"article","og_title":"Pol\u00edtica de cookies (UE) - Mustpalma","og_description":"POL\u00cdTICA DE COOKIES La entidad CATALINA CALAFAT VILLALONGA, con NIF\/CIF: 41585379E, domicilio en Carrer de Joan Mas n\u00ba4, 07010,PALMA, BALEARES , direcci\u00f3n de correo electr\u00f3nico: contacto@mustpalma.com [\u2026]","og_url":"https:\/\/mustpalma.com\/ca\/politica-de-cookies-ue\/","og_site_name":"Mustpalma","article_modified_time":"2025-01-30T18:42:36+00:00","twitter_card":"summary_large_image","twitter_misc":{"Temps estimat de lectura":"10 minuts"},"schema":{"@context":"https:\/\/schema.org","@graph":[{"@type":"WebPage","@id":"https:\/\/mustpalma.com\/politica-de-cookies-ue\/","url":"https:\/\/mustpalma.com\/politica-de-cookies-ue\/","name":"Pol\u00edtica de cookies (UE) - Mustpalma","isPartOf":{"@id":"https:\/\/mustpalma.com\/#website"},"datePublished":"2024-09-12T13:51:46+00:00","dateModified":"2025-01-30T18:42:36+00:00","breadcrumb":{"@id":"https:\/\/mustpalma.com\/politica-de-cookies-ue\/#breadcrumb"},"inLanguage":"ca","potentialAction":[{"@type":"ReadAction","target":["https:\/\/mustpalma.com\/politica-de-cookies-ue\/"]}]},{"@type":"BreadcrumbList","@id":"https:\/\/mustpalma.com\/politica-de-cookies-ue\/#breadcrumb","itemListElement":[{"@type":"ListItem","position":1,"name":"Portada","item":"https:\/\/mustpalma.com\/"},{"@type":"ListItem","position":2,"name":"Pol\u00edtica de cookies (UE)"}]},{"@type":"WebSite","@id":"https:\/\/mustpalma.com\/#website","url":"https:\/\/mustpalma.com\/","name":"Psic\u00f3logos en Mallorca: Servicios de Psicolog\u00eda para Mejorar Tu Bienestar","description":"","publisher":{"@id":"https:\/\/mustpalma.com\/#organization"},"potentialAction":[{"@type":"SearchAction","target":{"@type":"EntryPoint","urlTemplate":"https:\/\/mustpalma.com\/?s={search_term_string}"},"query-input":{"@type":"PropertyValueSpecification","valueRequired":true,"valueName":"search_term_string"}}],"inLanguage":"ca"},{"@type":"Organization","@id":"https:\/\/mustpalma.com\/#organization","name":"Psic\u00f3logos en Mallorca: Servicios de Psicolog\u00eda para Mejorar Tu Bienestar","url":"https:\/\/mustpalma.com\/","logo":{"@type":"ImageObject","inLanguage":"ca","@id":"https:\/\/mustpalma.com\/#\/schema\/logo\/image\/","url":"https:\/\/mustpalma.com\/wp-content\/uploads\/2024\/09\/cropped-Version-reducida-con-tagline-circular-color.png","contentUrl":"https:\/\/mustpalma.com\/wp-content\/uploads\/2024\/09\/cropped-Version-reducida-con-tagline-circular-color.png","width":512,"height":512,"caption":"Psic\u00f3logos en Mallorca: Servicios de Psicolog\u00eda para Mejorar Tu Bienestar"},"image":{"@id":"https:\/\/mustpalma.com\/#\/schema\/logo\/image\/"},"sameAs":["https:\/\/www.instagram.com\/mustpalma\/"]}]}},"_links":{"self":[{"href":"https:\/\/mustpalma.com\/ca\/wp-json\/wp\/v2\/pages\/12","targetHints":{"allow":["GET"]}}],"collection":[{"href":"https:\/\/mustpalma.com\/ca\/wp-json\/wp\/v2\/pages"}],"about":[{"href":"https:\/\/mustpalma.com\/ca\/wp-json\/wp\/v2\/types\/page"}],"author":[{"embeddable":true,"href":"https:\/\/mustpalma.com\/ca\/wp-json\/wp\/v2\/users\/1"}],"replies":[{"embeddable":true,"href":"https:\/\/mustpalma.com\/ca\/wp-json\/wp\/v2\/comments?post=12"}],"version-history":[{"count":2,"href":"https:\/\/mustpalma.com\/ca\/wp-json\/wp\/v2\/pages\/12\/revisions"}],"predecessor-version":[{"id":273,"href":"https:\/\/mustpalma.com\/ca\/wp-json\/wp\/v2\/pages\/12\/revisions\/273"}],"wp:attachment":[{"href":"https:\/\/mustpalma.com\/ca\/wp-json\/wp\/v2\/media?parent=12"}],"curies":[{"name":"wp","href":"https:\/\/api.w.org\/{rel}","templated":true}]}}