{"id":195,"date":"2024-10-01T11:45:54","date_gmt":"2024-10-01T09:45:54","guid":{"rendered":"https:\/\/mustpalma.com\/?page_id=195"},"modified":"2025-01-15T20:40:47","modified_gmt":"2025-01-15T19:40:47","slug":"psicologia-infantil","status":"publish","type":"page","link":"https:\/\/mustpalma.com\/ca\/mustpalma\/psicologia-infantil\/","title":{"rendered":"Psicologia Infantil"},"content":{"rendered":"","protected":false},"excerpt":{"rendered":"","protected":false},"author":1,"featured_media":261,"parent":84,"menu_order":0,"comment_status":"closed","ping_status":"closed","template":"","meta":{"footnotes":""},"class_list":["post-195","page","type-page","status-publish","has-post-thumbnail","hentry"],"yoast_head":"<!-- This site is optimized with the Yoast SEO plugin v27.3 - https:\/\/yoast.com\/product\/yoast-seo-wordpress\/ -->\n<title>Psicolog\u00eda Infantil en Mallorca, Terapia para Ni\u00f1os | Must Palma<\/title>\n<meta name=\"description\" content=\"En Must Palma, ofrecemos psicolog\u00eda infantil en Mallorca. Ayuda profesional para ni\u00f1os con problemas emocionales y conductuales. \u00a1Cont\u00e1ctanos hoy!\" \/>\n<meta name=\"robots\" content=\"index, follow, max-snippet:-1, max-image-preview:large, max-video-preview:-1\" \/>\n<link rel=\"canonical\" href=\"https:\/\/mustpalma.com\/ca\/mustpalma\/psicologia-infantil\/\" \/>\n<meta property=\"og:locale\" content=\"ca_ES\" \/>\n<meta property=\"og:type\" content=\"article\" \/>\n<meta property=\"og:title\" content=\"Psicolog\u00eda Infantil en Mallorca, Terapia para Ni\u00f1os | Must Palma\" \/>\n<meta property=\"og:description\" content=\"En Must Palma, ofrecemos psicolog\u00eda infantil en Mallorca. Ayuda profesional para ni\u00f1os con problemas emocionales y conductuales. \u00a1Cont\u00e1ctanos hoy!\" \/>\n<meta property=\"og:url\" content=\"https:\/\/mustpalma.com\/ca\/mustpalma\/psicologia-infantil\/\" \/>\n<meta property=\"og:site_name\" content=\"Mustpalma\" \/>\n<meta property=\"article:modified_time\" content=\"2025-01-15T19:40:47+00:00\" \/>\n<meta property=\"og:image\" content=\"https:\/\/mustpalma.com\/wp-content\/uploads\/2025\/01\/terapia-psicologia-infantil-mallorca.jpg\" \/>\n\t<meta property=\"og:image:width\" content=\"1280\" \/>\n\t<meta property=\"og:image:height\" content=\"853\" \/>\n\t<meta property=\"og:image:type\" content=\"image\/jpeg\" \/>\n<meta name=\"twitter:card\" content=\"summary_large_image\" \/>\n<meta name=\"twitter:label1\" content=\"Temps estimat de lectura\" \/>\n\t<meta name=\"twitter:data1\" content=\"1 minut\" \/>\n<script type=\"application\/ld+json\" class=\"yoast-schema-graph\">{\"@context\":\"https:\\\/\\\/schema.org\",\"@graph\":[{\"@type\":\"WebPage\",\"@id\":\"https:\\\/\\\/mustpalma.com\\\/mustpalma\\\/psicologia-infantil\\\/\",\"url\":\"https:\\\/\\\/mustpalma.com\\\/mustpalma\\\/psicologia-infantil\\\/\",\"name\":\"Psicolog\u00eda Infantil en Mallorca, Terapia para Ni\u00f1os | Must Palma\",\"isPartOf\":{\"@id\":\"https:\\\/\\\/mustpalma.com\\\/#website\"},\"primaryImageOfPage\":{\"@id\":\"https:\\\/\\\/mustpalma.com\\\/mustpalma\\\/psicologia-infantil\\\/#primaryimage\"},\"image\":{\"@id\":\"https:\\\/\\\/mustpalma.com\\\/mustpalma\\\/psicologia-infantil\\\/#primaryimage\"},\"thumbnailUrl\":\"https:\\\/\\\/mustpalma.com\\\/wp-content\\\/uploads\\\/2025\\\/01\\\/terapia-psicologia-infantil-mallorca.jpg\",\"datePublished\":\"2024-10-01T09:45:54+00:00\",\"dateModified\":\"2025-01-15T19:40:47+00:00\",\"description\":\"En Must Palma, ofrecemos psicolog\u00eda infantil en Mallorca. Ayuda profesional para ni\u00f1os con problemas emocionales y conductuales. \u00a1Cont\u00e1ctanos hoy!\",\"breadcrumb\":{\"@id\":\"https:\\\/\\\/mustpalma.com\\\/mustpalma\\\/psicologia-infantil\\\/#breadcrumb\"},\"inLanguage\":\"ca\",\"potentialAction\":[{\"@type\":\"ReadAction\",\"target\":[\"https:\\\/\\\/mustpalma.com\\\/mustpalma\\\/psicologia-infantil\\\/\"]}]},{\"@type\":\"ImageObject\",\"inLanguage\":\"ca\",\"@id\":\"https:\\\/\\\/mustpalma.com\\\/mustpalma\\\/psicologia-infantil\\\/#primaryimage\",\"url\":\"https:\\\/\\\/mustpalma.com\\\/wp-content\\\/uploads\\\/2025\\\/01\\\/terapia-psicologia-infantil-mallorca.jpg\",\"contentUrl\":\"https:\\\/\\\/mustpalma.com\\\/wp-content\\\/uploads\\\/2025\\\/01\\\/terapia-psicologia-infantil-mallorca.jpg\",\"width\":1280,\"height\":853},{\"@type\":\"BreadcrumbList\",\"@id\":\"https:\\\/\\\/mustpalma.com\\\/mustpalma\\\/psicologia-infantil\\\/#breadcrumb\",\"itemListElement\":[{\"@type\":\"ListItem\",\"position\":1,\"name\":\"Portada\",\"item\":\"https:\\\/\\\/mustpalma.com\\\/\"},{\"@type\":\"ListItem\",\"position\":2,\"name\":\"MustPalma\",\"item\":\"https:\\\/\\\/mustpalma.com\\\/\"},{\"@type\":\"ListItem\",\"position\":3,\"name\":\"Psicolog\u00eda Infantil\"}]},{\"@type\":\"WebSite\",\"@id\":\"https:\\\/\\\/mustpalma.com\\\/#website\",\"url\":\"https:\\\/\\\/mustpalma.com\\\/\",\"name\":\"Psic\u00f3logos en Mallorca: Servicios de Psicolog\u00eda para Mejorar Tu Bienestar\",\"description\":\"\",\"publisher\":{\"@id\":\"https:\\\/\\\/mustpalma.com\\\/#organization\"},\"potentialAction\":[{\"@type\":\"SearchAction\",\"target\":{\"@type\":\"EntryPoint\",\"urlTemplate\":\"https:\\\/\\\/mustpalma.com\\\/?s={search_term_string}\"},\"query-input\":{\"@type\":\"PropertyValueSpecification\",\"valueRequired\":true,\"valueName\":\"search_term_string\"}}],\"inLanguage\":\"ca\"},{\"@type\":\"Organization\",\"@id\":\"https:\\\/\\\/mustpalma.com\\\/#organization\",\"name\":\"Psic\u00f3logos en Mallorca: Servicios de Psicolog\u00eda para Mejorar Tu Bienestar\",\"url\":\"https:\\\/\\\/mustpalma.com\\\/\",\"logo\":{\"@type\":\"ImageObject\",\"inLanguage\":\"ca\",\"@id\":\"https:\\\/\\\/mustpalma.com\\\/#\\\/schema\\\/logo\\\/image\\\/\",\"url\":\"https:\\\/\\\/mustpalma.com\\\/wp-content\\\/uploads\\\/2024\\\/09\\\/cropped-Version-reducida-con-tagline-circular-color.png\",\"contentUrl\":\"https:\\\/\\\/mustpalma.com\\\/wp-content\\\/uploads\\\/2024\\\/09\\\/cropped-Version-reducida-con-tagline-circular-color.png\",\"width\":512,\"height\":512,\"caption\":\"Psic\u00f3logos en Mallorca: Servicios de Psicolog\u00eda para Mejorar Tu Bienestar\"},\"image\":{\"@id\":\"https:\\\/\\\/mustpalma.com\\\/#\\\/schema\\\/logo\\\/image\\\/\"},\"sameAs\":[\"https:\\\/\\\/www.instagram.com\\\/mustpalma\\\/\"]}]}<\/script>\n<!-- \/ Yoast SEO plugin. -->","yoast_head_json":{"title":"Psicolog\u00eda Infantil en Mallorca, Terapia para Ni\u00f1os | Must Palma","description":"En Must Palma, ofrecemos psicolog\u00eda infantil en Mallorca. Ayuda profesional para ni\u00f1os con problemas emocionales y conductuales. \u00a1Cont\u00e1ctanos hoy!","robots":{"index":"index","follow":"follow","max-snippet":"max-snippet:-1","max-image-preview":"max-image-preview:large","max-video-preview":"max-video-preview:-1"},"canonical":"https:\/\/mustpalma.com\/ca\/mustpalma\/psicologia-infantil\/","og_locale":"ca_ES","og_type":"article","og_title":"Psicolog\u00eda Infantil en Mallorca, Terapia para Ni\u00f1os | Must Palma","og_description":"En Must Palma, ofrecemos psicolog\u00eda infantil en Mallorca. Ayuda profesional para ni\u00f1os con problemas emocionales y conductuales. \u00a1Cont\u00e1ctanos hoy!","og_url":"https:\/\/mustpalma.com\/ca\/mustpalma\/psicologia-infantil\/","og_site_name":"Mustpalma","article_modified_time":"2025-01-15T19:40:47+00:00","og_image":[{"width":1280,"height":853,"url":"https:\/\/mustpalma.com\/wp-content\/uploads\/2025\/01\/terapia-psicologia-infantil-mallorca.jpg","type":"image\/jpeg"}],"twitter_card":"summary_large_image","twitter_misc":{"Temps estimat de lectura":"1 minut"},"schema":{"@context":"https:\/\/schema.org","@graph":[{"@type":"WebPage","@id":"https:\/\/mustpalma.com\/mustpalma\/psicologia-infantil\/","url":"https:\/\/mustpalma.com\/mustpalma\/psicologia-infantil\/","name":"Psicolog\u00eda Infantil en Mallorca, Terapia para Ni\u00f1os | Must Palma","isPartOf":{"@id":"https:\/\/mustpalma.com\/#website"},"primaryImageOfPage":{"@id":"https:\/\/mustpalma.com\/mustpalma\/psicologia-infantil\/#primaryimage"},"image":{"@id":"https:\/\/mustpalma.com\/mustpalma\/psicologia-infantil\/#primaryimage"},"thumbnailUrl":"https:\/\/mustpalma.com\/wp-content\/uploads\/2025\/01\/terapia-psicologia-infantil-mallorca.jpg","datePublished":"2024-10-01T09:45:54+00:00","dateModified":"2025-01-15T19:40:47+00:00","description":"En Must Palma, ofrecemos psicolog\u00eda infantil en Mallorca. Ayuda profesional para ni\u00f1os con problemas emocionales y conductuales. \u00a1Cont\u00e1ctanos hoy!","breadcrumb":{"@id":"https:\/\/mustpalma.com\/mustpalma\/psicologia-infantil\/#breadcrumb"},"inLanguage":"ca","potentialAction":[{"@type":"ReadAction","target":["https:\/\/mustpalma.com\/mustpalma\/psicologia-infantil\/"]}]},{"@type":"ImageObject","inLanguage":"ca","@id":"https:\/\/mustpalma.com\/mustpalma\/psicologia-infantil\/#primaryimage","url":"https:\/\/mustpalma.com\/wp-content\/uploads\/2025\/01\/terapia-psicologia-infantil-mallorca.jpg","contentUrl":"https:\/\/mustpalma.com\/wp-content\/uploads\/2025\/01\/terapia-psicologia-infantil-mallorca.jpg","width":1280,"height":853},{"@type":"BreadcrumbList","@id":"https:\/\/mustpalma.com\/mustpalma\/psicologia-infantil\/#breadcrumb","itemListElement":[{"@type":"ListItem","position":1,"name":"Portada","item":"https:\/\/mustpalma.com\/"},{"@type":"ListItem","position":2,"name":"MustPalma","item":"https:\/\/mustpalma.com\/"},{"@type":"ListItem","position":3,"name":"Psicolog\u00eda Infantil"}]},{"@type":"WebSite","@id":"https:\/\/mustpalma.com\/#website","url":"https:\/\/mustpalma.com\/","name":"Psic\u00f3logos en Mallorca: Servicios de Psicolog\u00eda para Mejorar Tu Bienestar","description":"","publisher":{"@id":"https:\/\/mustpalma.com\/#organization"},"potentialAction":[{"@type":"SearchAction","target":{"@type":"EntryPoint","urlTemplate":"https:\/\/mustpalma.com\/?s={search_term_string}"},"query-input":{"@type":"PropertyValueSpecification","valueRequired":true,"valueName":"search_term_string"}}],"inLanguage":"ca"},{"@type":"Organization","@id":"https:\/\/mustpalma.com\/#organization","name":"Psic\u00f3logos en Mallorca: Servicios de Psicolog\u00eda para Mejorar Tu Bienestar","url":"https:\/\/mustpalma.com\/","logo":{"@type":"ImageObject","inLanguage":"ca","@id":"https:\/\/mustpalma.com\/#\/schema\/logo\/image\/","url":"https:\/\/mustpalma.com\/wp-content\/uploads\/2024\/09\/cropped-Version-reducida-con-tagline-circular-color.png","contentUrl":"https:\/\/mustpalma.com\/wp-content\/uploads\/2024\/09\/cropped-Version-reducida-con-tagline-circular-color.png","width":512,"height":512,"caption":"Psic\u00f3logos en Mallorca: Servicios de Psicolog\u00eda para Mejorar Tu Bienestar"},"image":{"@id":"https:\/\/mustpalma.com\/#\/schema\/logo\/image\/"},"sameAs":["https:\/\/www.instagram.com\/mustpalma\/"]}]}},"_links":{"self":[{"href":"https:\/\/mustpalma.com\/ca\/wp-json\/wp\/v2\/pages\/195","targetHints":{"allow":["GET"]}}],"collection":[{"href":"https:\/\/mustpalma.com\/ca\/wp-json\/wp\/v2\/pages"}],"about":[{"href":"https:\/\/mustpalma.com\/ca\/wp-json\/wp\/v2\/types\/page"}],"author":[{"embeddable":true,"href":"https:\/\/mustpalma.com\/ca\/wp-json\/wp\/v2\/users\/1"}],"replies":[{"embeddable":true,"href":"https:\/\/mustpalma.com\/ca\/wp-json\/wp\/v2\/comments?post=195"}],"version-history":[{"count":1,"href":"https:\/\/mustpalma.com\/ca\/wp-json\/wp\/v2\/pages\/195\/revisions"}],"predecessor-version":[{"id":196,"href":"https:\/\/mustpalma.com\/ca\/wp-json\/wp\/v2\/pages\/195\/revisions\/196"}],"up":[{"embeddable":true,"href":"https:\/\/mustpalma.com\/ca\/wp-json\/wp\/v2\/pages\/84"}],"wp:featuredmedia":[{"embeddable":true,"href":"https:\/\/mustpalma.com\/ca\/wp-json\/wp\/v2\/media\/261"}],"wp:attachment":[{"href":"https:\/\/mustpalma.com\/ca\/wp-json\/wp\/v2\/media?parent=195"}],"curies":[{"name":"wp","href":"https:\/\/api.w.org\/{rel}","templated":true}]}}