{"id":266,"date":"2025-01-25T18:16:55","date_gmt":"2025-01-25T17:16:55","guid":{"rendered":"https:\/\/mustpalma.com\/?page_id=266"},"modified":"2025-01-25T21:14:24","modified_gmt":"2025-01-25T21:14:24","slug":"psicologos-online-espana","status":"publish","type":"page","link":"https:\/\/mustpalma.com\/ca\/psicologos-online-espana\/","title":{"rendered":"Psicolog\u00eda Online Espa\u00f1a"},"content":{"rendered":"","protected":false},"excerpt":{"rendered":"","protected":false},"author":1,"featured_media":0,"parent":0,"menu_order":0,"comment_status":"closed","ping_status":"closed","template":"","meta":{"footnotes":""},"class_list":["post-266","page","type-page","status-publish","hentry"],"yoast_head":"<!-- This site is optimized with the Yoast SEO plugin v27.3 - https:\/\/yoast.com\/product\/yoast-seo-wordpress\/ -->\n<title>Psic\u00f3logos Online: Apoyo Profesional desde Donde Est\u00e9s | Must<\/title>\n<meta name=\"description\" content=\"Habla con psic\u00f3logos online desde la comodidad de tu hogar. Recibe apoyo profesional para tu bienestar emocional. \u00a1Reserva tu sesi\u00f3n hoy mismo!\" \/>\n<meta name=\"robots\" content=\"index, follow, max-snippet:-1, max-image-preview:large, max-video-preview:-1\" \/>\n<link rel=\"canonical\" href=\"https:\/\/mustpalma.com\/ca\/psicologos-online-espana\/\" \/>\n<meta property=\"og:locale\" content=\"ca_ES\" \/>\n<meta property=\"og:type\" content=\"article\" \/>\n<meta property=\"og:title\" content=\"Psic\u00f3logos Online: Apoyo Profesional desde Donde Est\u00e9s | Must\" \/>\n<meta property=\"og:description\" content=\"Habla con psic\u00f3logos online desde la comodidad de tu hogar. Recibe apoyo profesional para tu bienestar emocional. \u00a1Reserva tu sesi\u00f3n hoy mismo!\" \/>\n<meta property=\"og:url\" content=\"https:\/\/mustpalma.com\/ca\/psicologos-online-espana\/\" \/>\n<meta property=\"og:site_name\" content=\"Mustpalma\" \/>\n<meta property=\"article:modified_time\" content=\"2025-01-25T21:14:24+00:00\" \/>\n<meta name=\"twitter:card\" content=\"summary_large_image\" \/>\n<script type=\"application\/ld+json\" class=\"yoast-schema-graph\">{\"@context\":\"https:\\\/\\\/schema.org\",\"@graph\":[{\"@type\":\"WebPage\",\"@id\":\"https:\\\/\\\/mustpalma.com\\\/psicologos-online-espana\\\/\",\"url\":\"https:\\\/\\\/mustpalma.com\\\/psicologos-online-espana\\\/\",\"name\":\"Psic\u00f3logos Online: Apoyo Profesional desde Donde Est\u00e9s | Must\",\"isPartOf\":{\"@id\":\"https:\\\/\\\/mustpalma.com\\\/#website\"},\"datePublished\":\"2025-01-25T17:16:55+00:00\",\"dateModified\":\"2025-01-25T21:14:24+00:00\",\"description\":\"Habla con psic\u00f3logos online desde la comodidad de tu hogar. Recibe apoyo profesional para tu bienestar emocional. \u00a1Reserva tu sesi\u00f3n hoy mismo!\",\"breadcrumb\":{\"@id\":\"https:\\\/\\\/mustpalma.com\\\/psicologos-online-espana\\\/#breadcrumb\"},\"inLanguage\":\"ca\",\"potentialAction\":[{\"@type\":\"ReadAction\",\"target\":[\"https:\\\/\\\/mustpalma.com\\\/psicologos-online-espana\\\/\"]}]},{\"@type\":\"BreadcrumbList\",\"@id\":\"https:\\\/\\\/mustpalma.com\\\/psicologos-online-espana\\\/#breadcrumb\",\"itemListElement\":[{\"@type\":\"ListItem\",\"position\":1,\"name\":\"Portada\",\"item\":\"https:\\\/\\\/mustpalma.com\\\/\"},{\"@type\":\"ListItem\",\"position\":2,\"name\":\"Psicolog\u00eda Online Espa\u00f1a\"}]},{\"@type\":\"WebSite\",\"@id\":\"https:\\\/\\\/mustpalma.com\\\/#website\",\"url\":\"https:\\\/\\\/mustpalma.com\\\/\",\"name\":\"Psic\u00f3logos en Mallorca: Servicios de Psicolog\u00eda para Mejorar Tu Bienestar\",\"description\":\"\",\"publisher\":{\"@id\":\"https:\\\/\\\/mustpalma.com\\\/#organization\"},\"potentialAction\":[{\"@type\":\"SearchAction\",\"target\":{\"@type\":\"EntryPoint\",\"urlTemplate\":\"https:\\\/\\\/mustpalma.com\\\/?s={search_term_string}\"},\"query-input\":{\"@type\":\"PropertyValueSpecification\",\"valueRequired\":true,\"valueName\":\"search_term_string\"}}],\"inLanguage\":\"ca\"},{\"@type\":\"Organization\",\"@id\":\"https:\\\/\\\/mustpalma.com\\\/#organization\",\"name\":\"Psic\u00f3logos en Mallorca: Servicios de Psicolog\u00eda para Mejorar Tu Bienestar\",\"url\":\"https:\\\/\\\/mustpalma.com\\\/\",\"logo\":{\"@type\":\"ImageObject\",\"inLanguage\":\"ca\",\"@id\":\"https:\\\/\\\/mustpalma.com\\\/#\\\/schema\\\/logo\\\/image\\\/\",\"url\":\"https:\\\/\\\/mustpalma.com\\\/wp-content\\\/uploads\\\/2024\\\/09\\\/cropped-Version-reducida-con-tagline-circular-color.png\",\"contentUrl\":\"https:\\\/\\\/mustpalma.com\\\/wp-content\\\/uploads\\\/2024\\\/09\\\/cropped-Version-reducida-con-tagline-circular-color.png\",\"width\":512,\"height\":512,\"caption\":\"Psic\u00f3logos en Mallorca: Servicios de Psicolog\u00eda para Mejorar Tu Bienestar\"},\"image\":{\"@id\":\"https:\\\/\\\/mustpalma.com\\\/#\\\/schema\\\/logo\\\/image\\\/\"},\"sameAs\":[\"https:\\\/\\\/www.instagram.com\\\/mustpalma\\\/\"]}]}<\/script>\n<!-- \/ Yoast SEO plugin. -->","yoast_head_json":{"title":"Psic\u00f3logos Online: Apoyo Profesional desde Donde Est\u00e9s | Must","description":"Habla con psic\u00f3logos online desde la comodidad de tu hogar. Recibe apoyo profesional para tu bienestar emocional. \u00a1Reserva tu sesi\u00f3n hoy mismo!","robots":{"index":"index","follow":"follow","max-snippet":"max-snippet:-1","max-image-preview":"max-image-preview:large","max-video-preview":"max-video-preview:-1"},"canonical":"https:\/\/mustpalma.com\/ca\/psicologos-online-espana\/","og_locale":"ca_ES","og_type":"article","og_title":"Psic\u00f3logos Online: Apoyo Profesional desde Donde Est\u00e9s | Must","og_description":"Habla con psic\u00f3logos online desde la comodidad de tu hogar. Recibe apoyo profesional para tu bienestar emocional. \u00a1Reserva tu sesi\u00f3n hoy mismo!","og_url":"https:\/\/mustpalma.com\/ca\/psicologos-online-espana\/","og_site_name":"Mustpalma","article_modified_time":"2025-01-25T21:14:24+00:00","twitter_card":"summary_large_image","schema":{"@context":"https:\/\/schema.org","@graph":[{"@type":"WebPage","@id":"https:\/\/mustpalma.com\/psicologos-online-espana\/","url":"https:\/\/mustpalma.com\/psicologos-online-espana\/","name":"Psic\u00f3logos Online: Apoyo Profesional desde Donde Est\u00e9s | Must","isPartOf":{"@id":"https:\/\/mustpalma.com\/#website"},"datePublished":"2025-01-25T17:16:55+00:00","dateModified":"2025-01-25T21:14:24+00:00","description":"Habla con psic\u00f3logos online desde la comodidad de tu hogar. Recibe apoyo profesional para tu bienestar emocional. \u00a1Reserva tu sesi\u00f3n hoy mismo!","breadcrumb":{"@id":"https:\/\/mustpalma.com\/psicologos-online-espana\/#breadcrumb"},"inLanguage":"ca","potentialAction":[{"@type":"ReadAction","target":["https:\/\/mustpalma.com\/psicologos-online-espana\/"]}]},{"@type":"BreadcrumbList","@id":"https:\/\/mustpalma.com\/psicologos-online-espana\/#breadcrumb","itemListElement":[{"@type":"ListItem","position":1,"name":"Portada","item":"https:\/\/mustpalma.com\/"},{"@type":"ListItem","position":2,"name":"Psicolog\u00eda Online Espa\u00f1a"}]},{"@type":"WebSite","@id":"https:\/\/mustpalma.com\/#website","url":"https:\/\/mustpalma.com\/","name":"Psic\u00f3logos en Mallorca: Servicios de Psicolog\u00eda para Mejorar Tu Bienestar","description":"","publisher":{"@id":"https:\/\/mustpalma.com\/#organization"},"potentialAction":[{"@type":"SearchAction","target":{"@type":"EntryPoint","urlTemplate":"https:\/\/mustpalma.com\/?s={search_term_string}"},"query-input":{"@type":"PropertyValueSpecification","valueRequired":true,"valueName":"search_term_string"}}],"inLanguage":"ca"},{"@type":"Organization","@id":"https:\/\/mustpalma.com\/#organization","name":"Psic\u00f3logos en Mallorca: Servicios de Psicolog\u00eda para Mejorar Tu Bienestar","url":"https:\/\/mustpalma.com\/","logo":{"@type":"ImageObject","inLanguage":"ca","@id":"https:\/\/mustpalma.com\/#\/schema\/logo\/image\/","url":"https:\/\/mustpalma.com\/wp-content\/uploads\/2024\/09\/cropped-Version-reducida-con-tagline-circular-color.png","contentUrl":"https:\/\/mustpalma.com\/wp-content\/uploads\/2024\/09\/cropped-Version-reducida-con-tagline-circular-color.png","width":512,"height":512,"caption":"Psic\u00f3logos en Mallorca: Servicios de Psicolog\u00eda para Mejorar Tu Bienestar"},"image":{"@id":"https:\/\/mustpalma.com\/#\/schema\/logo\/image\/"},"sameAs":["https:\/\/www.instagram.com\/mustpalma\/"]}]}},"_links":{"self":[{"href":"https:\/\/mustpalma.com\/ca\/wp-json\/wp\/v2\/pages\/266","targetHints":{"allow":["GET"]}}],"collection":[{"href":"https:\/\/mustpalma.com\/ca\/wp-json\/wp\/v2\/pages"}],"about":[{"href":"https:\/\/mustpalma.com\/ca\/wp-json\/wp\/v2\/types\/page"}],"author":[{"embeddable":true,"href":"https:\/\/mustpalma.com\/ca\/wp-json\/wp\/v2\/users\/1"}],"replies":[{"embeddable":true,"href":"https:\/\/mustpalma.com\/ca\/wp-json\/wp\/v2\/comments?post=266"}],"version-history":[{"count":1,"href":"https:\/\/mustpalma.com\/ca\/wp-json\/wp\/v2\/pages\/266\/revisions"}],"predecessor-version":[{"id":267,"href":"https:\/\/mustpalma.com\/ca\/wp-json\/wp\/v2\/pages\/266\/revisions\/267"}],"wp:attachment":[{"href":"https:\/\/mustpalma.com\/ca\/wp-json\/wp\/v2\/media?parent=266"}],"curies":[{"name":"wp","href":"https:\/\/api.w.org\/{rel}","templated":true}]}}